{"id":122,"date":"2021-04-20T16:30:59","date_gmt":"2021-04-20T14:30:59","guid":{"rendered":"http:\/\/fabian-nehm.de\/?page_id=122"},"modified":"2021-05-04T15:59:00","modified_gmt":"2021-05-04T13:59:00","slug":"122-2","status":"publish","type":"page","link":"http:\/\/fabian-nehm.de\/","title":{"rendered":""},"content":{"rendered":"\n<div style=\"height:100px\" aria-hidden=\"true\" class=\"wp-block-spacer\"><\/div>\n\n\n\n<div class=\"wp-block-media-text alignwide is-stacked-on-mobile\"><figure class=\"wp-block-media-text__media\"><img src=\"http:\/\/fabian-nehm.de\/wp-content\/uploads\/2021\/04\/Fabian_Nehm.tif\" alt=\"\" class=\"wp-image-71 size-full\"\/><\/figure><div class=\"wp-block-media-text__content\">\n<blockquote class=\"wp-block-quote\"><p><strong>Die genaue Beobachtung seiner unmittelbaren, allt\u00e4glichen Umwelt mit allen ihren Details, Eigenarten und Kuriosit\u00e4ten ist der Ausgangspunkt f\u00fcr Fabian Nehms (geb. 1990) k\u00fcnstlerische Arbeit. Ob es um das Erscheinungsbild von Minigolfvereinen, das Wechselkurssystem von W\u00e4hrungen, das Schweben einer Wolke oder die Bilder mit Sonnenblumen von Vincent van Gogh geht \u2013 all diese Ph\u00e4nomene werden von Fabian Nehm analysiert und in einer ganz eigenen, individuellen Form nachgeahmt. Die Intention: Durch das Nachmachen die unterschiedlichsten Dinge dieser Welt verstehen und begreifen.\u00a0<\/strong><\/p><\/blockquote>\n\n\n\n<blockquote class=\"wp-block-quote\"><p>Text: Dr. Anne Schloen<\/p><\/blockquote>\n<\/div><\/div>\n","protected":false},"excerpt":{"rendered":"<p>Die genaue Beobachtung seiner unmittelbaren, allt\u00e4glichen Umwelt mit allen ihren Details, Eigenarten und Kuriosit\u00e4ten ist der Ausgangspunkt f\u00fcr Fabian Nehms (geb. 1990) k\u00fcnstlerische Arbeit. Ob es um das Erscheinungsbild von Minigolfvereinen, das Wechselkurssystem von W\u00e4hrungen, das Schweben einer Wolke oder die Bilder mit Sonnenblumen von Vincent van Gogh geht \u2013 all diese Ph\u00e4nomene werden von [&hellip;]<\/p>\n","protected":false},"author":1,"featured_media":0,"parent":0,"menu_order":0,"comment_status":"closed","ping_status":"closed","template":"","meta":{"_editorskit_title_hidden":false,"_editorskit_reading_time":1},"yoast_head":"<!-- This site is optimized with the Yoast SEO plugin v16.1.1 - https:\/\/yoast.com\/wordpress\/plugins\/seo\/ -->\n<title>K\u00fcnstlerseite<\/title>\n<meta name=\"description\" content=\"K\u00fcnstlerseite\" \/>\n<link rel=\"canonical\" href=\"https:\/\/fabian-nehm.de\/\" \/>\n<meta property=\"og:locale\" content=\"de_DE\" \/>\n<meta property=\"og:type\" content=\"article\" \/>\n<meta property=\"og:title\" content=\"K\u00fcnstlerseite\" \/>\n<meta property=\"og:description\" content=\"K\u00fcnstlerseite\" \/>\n<meta property=\"og:url\" content=\"https:\/\/fabian-nehm.de\/\" \/>\n<meta property=\"og:site_name\" content=\"Fabian Nehm\" \/>\n<meta property=\"article:modified_time\" content=\"2021-05-04T13:59:00+00:00\" \/>\n<meta property=\"og:image\" content=\"http:\/\/fabian-nehm.de\/wp-content\/uploads\/2021\/04\/Fabian_Nehm.tif\" \/>\n<meta name=\"twitter:card\" content=\"summary_large_image\" \/>\n<meta name=\"twitter:label1\" content=\"Gesch\u00e4tzte Lesezeit\">\n\t<meta name=\"twitter:data1\" content=\"1\u00a0Minute\">\n<script type=\"application\/ld+json\" class=\"yoast-schema-graph\">{\"@context\":\"https:\/\/schema.org\",\"@graph\":[{\"@type\":[\"Person\",\"Organization\"],\"@id\":\"https:\/\/fabian-nehm.de\/#\/schema\/person\/c856421c6dbf46de0ddbf2fda1871c1e\",\"name\":\"admin8724\",\"image\":{\"@type\":\"ImageObject\",\"@id\":\"https:\/\/fabian-nehm.de\/#personlogo\",\"inLanguage\":\"de\",\"url\":\"http:\/\/1.gravatar.com\/avatar\/ac2da5957415f8021384cc27e79aaead?s=96&d=mm&r=g\",\"contentUrl\":\"http:\/\/1.gravatar.com\/avatar\/ac2da5957415f8021384cc27e79aaead?s=96&d=mm&r=g\",\"caption\":\"admin8724\"},\"logo\":{\"@id\":\"https:\/\/fabian-nehm.de\/#personlogo\"},\"sameAs\":[\"http:\/\/fabian-nehm.de\"]},{\"@type\":\"WebSite\",\"@id\":\"https:\/\/fabian-nehm.de\/#website\",\"url\":\"https:\/\/fabian-nehm.de\/\",\"name\":\"Fabian Nehm\",\"description\":\"Auf dieser Seite stelle ich Ihnen eine Auswahl meiner Arbeiten vor...\",\"publisher\":{\"@id\":\"https:\/\/fabian-nehm.de\/#\/schema\/person\/c856421c6dbf46de0ddbf2fda1871c1e\"},\"potentialAction\":[{\"@type\":\"SearchAction\",\"target\":\"https:\/\/fabian-nehm.de\/?s={search_term_string}\",\"query-input\":\"required name=search_term_string\"}],\"inLanguage\":\"de\"},{\"@type\":\"ImageObject\",\"@id\":\"https:\/\/fabian-nehm.de\/#primaryimage\",\"inLanguage\":\"de\",\"url\":\"http:\/\/fabian-nehm.de\/wp-content\/uploads\/2021\/04\/Fabian_Nehm.tif\",\"contentUrl\":\"http:\/\/fabian-nehm.de\/wp-content\/uploads\/2021\/04\/Fabian_Nehm.tif\"},{\"@type\":\"WebPage\",\"@id\":\"https:\/\/fabian-nehm.de\/#webpage\",\"url\":\"https:\/\/fabian-nehm.de\/\",\"name\":\"K\\u00fcnstlerseite\",\"isPartOf\":{\"@id\":\"https:\/\/fabian-nehm.de\/#website\"},\"primaryImageOfPage\":{\"@id\":\"https:\/\/fabian-nehm.de\/#primaryimage\"},\"datePublished\":\"2021-04-20T14:30:59+00:00\",\"dateModified\":\"2021-05-04T13:59:00+00:00\",\"description\":\"K\\u00fcnstlerseite\",\"breadcrumb\":{\"@id\":\"https:\/\/fabian-nehm.de\/#breadcrumb\"},\"inLanguage\":\"de\",\"potentialAction\":[{\"@type\":\"ReadAction\",\"target\":[\"https:\/\/fabian-nehm.de\/\"]}]},{\"@type\":\"BreadcrumbList\",\"@id\":\"https:\/\/fabian-nehm.de\/#breadcrumb\",\"itemListElement\":[{\"@type\":\"ListItem\",\"position\":1,\"item\":{\"@type\":\"WebPage\",\"@id\":\"https:\/\/fabian-nehm.de\/\",\"url\":\"https:\/\/fabian-nehm.de\/\",\"name\":\"Startseite\"}},{\"@type\":\"ListItem\",\"position\":2,\"item\":{\"@type\":\"WebPage\",\"@id\":\"https:\/\/fabian-nehm.de\/\",\"url\":\"https:\/\/fabian-nehm.de\/\",\"name\":\"K\\u00fcnstlerseite\"}}]}]}<\/script>\n<!-- \/ Yoast SEO plugin. -->","_links":{"self":[{"href":"http:\/\/fabian-nehm.de\/index.php\/wp-json\/wp\/v2\/pages\/122"}],"collection":[{"href":"http:\/\/fabian-nehm.de\/index.php\/wp-json\/wp\/v2\/pages"}],"about":[{"href":"http:\/\/fabian-nehm.de\/index.php\/wp-json\/wp\/v2\/types\/page"}],"author":[{"embeddable":true,"href":"http:\/\/fabian-nehm.de\/index.php\/wp-json\/wp\/v2\/users\/1"}],"replies":[{"embeddable":true,"href":"http:\/\/fabian-nehm.de\/index.php\/wp-json\/wp\/v2\/comments?post=122"}],"version-history":[{"count":65,"href":"http:\/\/fabian-nehm.de\/index.php\/wp-json\/wp\/v2\/pages\/122\/revisions"}],"predecessor-version":[{"id":360,"href":"http:\/\/fabian-nehm.de\/index.php\/wp-json\/wp\/v2\/pages\/122\/revisions\/360"}],"wp:attachment":[{"href":"http:\/\/fabian-nehm.de\/index.php\/wp-json\/wp\/v2\/media?parent=122"}],"curies":[{"name":"wp","href":"https:\/\/api.w.org\/{rel}","templated":true}]}}